{"id":191,"date":"2020-10-06T20:21:50","date_gmt":"2020-10-06T19:21:50","guid":{"rendered":"https:\/\/sciting.eu\/sciting\/?page_id=191"},"modified":"2021-10-02T14:13:44","modified_gmt":"2021-10-02T13:13:44","slug":"mappy","status":"publish","type":"page","link":"https:\/\/sciting.eu\/sciting\/samples\/pedagogical-resources\/mappy\/","title":{"rendered":"MapPy"},"content":{"rendered":"\n<h5 class=\"has-text-align-center wp-block-heading\">Choose your language!<\/h5>\n\n\n\n<h6 class=\"has-text-align-center wp-block-heading\"><a rel=\"noreferrer noopener\" href=\"https:\/\/sciting.eu\/sciting\/wp-content\/uploads\/MapPy\/countries_de.html\" target=\"_blank\">Deutsch<\/a>      <a rel=\"noreferrer noopener\" href=\"https:\/\/sciting.eu\/sciting\/wp-content\/uploads\/MapPy\/countries_de.html\" target=\"_blank\"><img loading=\"lazy\" decoding=\"async\" width=\"40\" height=\"30\" class=\"wp-image-194\" style=\"width: 40px;\" src=\"https:\/\/sciting.eu\/sciting\/wp-content\/uploads\/2020\/10\/DE.png\" alt=\"\"><\/a><\/h6>\n\n\n\n<h6 class=\"has-text-align-center wp-block-heading\"><a rel=\"noreferrer noopener\" href=\"https:\/\/sciting.eu\/sciting\/wp-content\/uploads\/MapPy\/countries_en.html\" target=\"_blank\">English<\/a>      <a rel=\"noreferrer noopener\" href=\"https:\/\/sciting.eu\/sciting\/wp-content\/uploads\/MapPy\/countries_en.html\" target=\"_blank\"><img loading=\"lazy\" decoding=\"async\" width=\"40\" height=\"30\" class=\"wp-image-192\" style=\"width: 40px;\" src=\"https:\/\/sciting.eu\/sciting\/wp-content\/uploads\/2020\/10\/UK.png\" alt=\"\"><\/a><\/h6>\n\n\n\n<h6 class=\"has-text-align-center wp-block-heading\"><a rel=\"noreferrer noopener\" href=\"https:\/\/sciting.eu\/sciting\/wp-content\/uploads\/MapPy\/countries_fr.html\" target=\"_blank\">Fran\u00e7ais<\/a>      <a rel=\"noreferrer noopener\" href=\"https:\/\/sciting.eu\/sciting\/wp-content\/uploads\/MapPy\/countries_fr.html\" target=\"_blank\"><img loading=\"lazy\" decoding=\"async\" width=\"40\" height=\"30\" class=\"wp-image-193\" style=\"width: 40px;\" src=\"https:\/\/sciting.eu\/sciting\/wp-content\/uploads\/2020\/10\/FR.png\" alt=\"\"><\/a><\/h6>\n\n\n\n<h6 class=\"has-text-align-center wp-block-heading\"><a rel=\"noreferrer noopener\" href=\"https:\/\/sciting.eu\/sciting\/wp-content\/uploads\/MapPy\/countries_lb.html\" target=\"_blank\">L\u00ebtzebuergesch<\/a>      <a rel=\"noreferrer noopener\" href=\"https:\/\/sciting.eu\/sciting\/wp-content\/uploads\/MapPy\/countries_lb.html\" target=\"_blank\"><img decoding=\"async\" class=\"wp-image-194\" style=\"width: 40px;\" src=\"https:\/\/sciting.eu\/sciting\/wp-content\/uploads\/MapPy\/png\/LU.PNG\" alt=\"\"><\/a><\/h6>\n\n\n\n<h6 class=\"has-text-align-center wp-block-heading\"><a rel=\"noreferrer noopener\" href=\"https:\/\/sciting.eu\/sciting\/wp-content\/uploads\/MapPy\/countries_pt.html\" target=\"_blank\">Portugu\u00eas<\/a>      <a rel=\"noreferrer noopener\" href=\"https:\/\/sciting.eu\/sciting\/wp-content\/uploads\/MapPy\/countries_pt.html\" target=\"_blank\"><img loading=\"lazy\" decoding=\"async\" width=\"40\" height=\"30\" class=\"wp-image-195\" style=\"width: 40px;\" src=\"https:\/\/sciting.eu\/sciting\/wp-content\/uploads\/2020\/10\/PT.png\" alt=\"\"><\/a><\/h6>\n\n\n\n<h6 class=\"has-text-align-center wp-block-heading\"><a rel=\"noreferrer noopener\" href=\"https:\/\/sciting.eu\/sciting\/wp-content\/uploads\/MapPy\/countries_sk.html\" target=\"_blank\">Sloven\u010dina<\/a>      <a rel=\"noreferrer noopener\" href=\"https:\/\/sciting.eu\/sciting\/wp-content\/uploads\/MapPy\/countries_sk.html\" target=\"_blank\"><img loading=\"lazy\" decoding=\"async\" width=\"40\" height=\"30\" class=\"wp-image-196\" style=\"width: 40px;\" src=\"https:\/\/sciting.eu\/sciting\/wp-content\/uploads\/2020\/10\/SK.png\" alt=\"\"><\/a><\/h6>\n\n\n\n<p><\/p>\n\n\n\n<figure class=\"wp-block-image size-large is-style-rounded\"><img loading=\"lazy\" decoding=\"async\" width=\"1024\" height=\"579\" src=\"https:\/\/sciting.eu\/sciting\/wp-content\/uploads\/2020\/10\/Screenshot_2020-10-08_12-19-46-1024x579.png\" alt=\"\" class=\"wp-image-220\" srcset=\"https:\/\/sciting.eu\/sciting\/wp-content\/uploads\/2020\/10\/Screenshot_2020-10-08_12-19-46-1024x579.png 1024w, https:\/\/sciting.eu\/sciting\/wp-content\/uploads\/2020\/10\/Screenshot_2020-10-08_12-19-46-300x170.png 300w, https:\/\/sciting.eu\/sciting\/wp-content\/uploads\/2020\/10\/Screenshot_2020-10-08_12-19-46-768x435.png 768w, https:\/\/sciting.eu\/sciting\/wp-content\/uploads\/2020\/10\/Screenshot_2020-10-08_12-19-46-1536x869.png 1536w, https:\/\/sciting.eu\/sciting\/wp-content\/uploads\/2020\/10\/Screenshot_2020-10-08_12-19-46.png 1603w\" sizes=\"auto, (max-width: 1024px) 100vw, 1024px\" \/><\/figure>\n\n\n\n<p><\/p>\n\n\n\n<p>ABOUT<\/p>\n\n\n\n<p>MapPy is an interactive pedagogical tool conceived to help children learn basic political geography in an entertaining way.<\/p>\n\n\n\n<p>For portability, it has been conceived as a web application. Only a web browser and an internet connection are required, but a large screen is also recommended.<\/p>\n\n\n\n<p>It is a world map with country flags centred on the coordinates of the capital cities. Clicking on the flag reveals information about the country (name of the country and the capital, demonym, adjective and currency). The countries are coloured according to the continent they belong to. Hovering over their area highlights the country borders whereas clicking on the country causes the map to be zoomed and centred on it. Furthermore, transparency enables to appreciate the geological features.<\/p>\n\n\n\n<p>Six languages are currently provided: English, French, German, Luxembourgish, Portuguese and Slovak.<\/p>\n\n\n\n<p>USE AS A QUIZ OR GAME<\/p>\n\n\n\n<p>We propose the following possible usage: Individual players or teams point to a flag and the competitor player or team is required to enunciate the name of the country and its capital. They receive one point for each correct answer. After a number of rounds, say ten, the player or team with the highest score wins the competition.<\/p>\n\n\n\n<p>SOURCE CODE<\/p>\n\n\n\n<p>The Python 3 source code used to generate the HTML files is freely available <a rel=\"noreferrer noopener\" href=\"https:\/\/github.com\/mirix\/MapPy\" target=\"_blank\">here<\/a>. <\/p>\n\n\n\n<p>ACKNOWLEDGEMENTS<\/p>\n\n\n\n<p>Our wholehearted gratitude to the <a rel=\"noreferrer noopener\" href=\"https:\/\/portal.education.lu\/zls\" target=\"_blank\">Zenter fir d&#8217;L\u00ebtzebuerger Sprooch (ZLS)<\/a>. Their help with the Luxembourgish version makes this resource more relevant, complete and unique.<\/p>\n\n\n\n<p>CAVEATS<\/p>\n\n\n\n<p>The colour of the country depends on the continent its capital city lays on (for instance Russia is entirely coloured blue, which is the colour that corresponds to Europe, including its Asian regions). The Australian continent and the Pacific islands which do not fit within the seven-continent paradigm have been grouped together as Oceania. Many non fully sovereign territories have been included, but not all, which may be confusing. We may trim them at some point. <\/p>\n\n\n\n<p>The maps are automatically generated by a couple of Python scripts. If you spot any error, please, let us know. <\/p>\n\n\n\n<p><\/p>\n\n\n\n<div class=\"wp-block-image is-style-default\"><figure class=\"aligncenter size-large\"><a href=\"https:\/\/sciting.eu\/sciting\"><img loading=\"lazy\" decoding=\"async\" width=\"286\" height=\"361\" src=\"https:\/\/sciting.eu\/sciting\/wp-content\/uploads\/2020\/06\/sciting_logo_medium.png\" alt=\"\" class=\"wp-image-53\" srcset=\"https:\/\/sciting.eu\/sciting\/wp-content\/uploads\/2020\/06\/sciting_logo_medium.png 286w, https:\/\/sciting.eu\/sciting\/wp-content\/uploads\/2020\/06\/sciting_logo_medium-238x300.png 238w\" sizes=\"auto, (max-width: 286px) 100vw, 286px\" \/><\/a><\/figure><\/div>\n","protected":false},"excerpt":{"rendered":"<p>Choose your language! Deutsch English Fran\u00e7ais L\u00ebtzebuergesch Portugu\u00eas Sloven\u010dina ABOUT MapPy is an interactive pedagogical tool conceived to help children learn basic political geography in an entertaining way. For portability, it has been conceived as a web application. Only a web browser and an internet connection are required, but a large screen is also recommended. [&hellip;]<\/p>\n","protected":false},"author":1,"featured_media":0,"parent":246,"menu_order":0,"comment_status":"closed","ping_status":"closed","template":"","meta":{"footnotes":""},"class_list":["post-191","page","type-page","status-publish","hentry"],"_links":{"self":[{"href":"https:\/\/sciting.eu\/sciting\/wp-json\/wp\/v2\/pages\/191","targetHints":{"allow":["GET"]}}],"collection":[{"href":"https:\/\/sciting.eu\/sciting\/wp-json\/wp\/v2\/pages"}],"about":[{"href":"https:\/\/sciting.eu\/sciting\/wp-json\/wp\/v2\/types\/page"}],"author":[{"embeddable":true,"href":"https:\/\/sciting.eu\/sciting\/wp-json\/wp\/v2\/users\/1"}],"replies":[{"embeddable":true,"href":"https:\/\/sciting.eu\/sciting\/wp-json\/wp\/v2\/comments?post=191"}],"version-history":[{"count":18,"href":"https:\/\/sciting.eu\/sciting\/wp-json\/wp\/v2\/pages\/191\/revisions"}],"predecessor-version":[{"id":432,"href":"https:\/\/sciting.eu\/sciting\/wp-json\/wp\/v2\/pages\/191\/revisions\/432"}],"up":[{"embeddable":true,"href":"https:\/\/sciting.eu\/sciting\/wp-json\/wp\/v2\/pages\/246"}],"wp:attachment":[{"href":"https:\/\/sciting.eu\/sciting\/wp-json\/wp\/v2\/media?parent=191"}],"curies":[{"name":"wp","href":"https:\/\/api.w.org\/{rel}","templated":true}]}}